{"id":683,"date":"2020-12-16T10:03:39","date_gmt":"2020-12-16T10:03:39","guid":{"rendered":"https:\/\/www.coreth.at\/home-page\/"},"modified":"2024-09-27T13:29:40","modified_gmt":"2024-09-27T11:29:40","slug":"home-page","status":"publish","type":"page","link":"https:\/\/www.coreth.at\/de\/","title":{"rendered":"Home"},"content":{"rendered":"\n<div class=\"wp-block-columns md-100 is-layout-flex wp-container-core-columns-is-layout-9d6595d7 wp-block-columns-is-layout-flex\">\n<div class=\"wp-block-column is-layout-flow wp-block-column-is-layout-flow\" style=\"flex-basis:66.66%\"><div class=\"slider-container\"><div class=\"bx-viewport\">\t\t\t\t<ul class=\"slider bxslider\">\n\t\t\t\t\t\t\t\t\t<li class=\"slider-item\">\n\t\t\t\t\t\t<!-- CONTENT WRAPPER -->\n\t\t\t\t\t\t<div class=\"slider-text-wrapper slider-wrapper-large\">\n\t\t\t\t\t\t\t\t\t\t\t\t\t\t\t<h2 class=\"slider-title\">\n\t\t\t\t\t\t\t\t\tPERFEKT VERPACKT SEIT 1980\t\t\t\t\t\t\t\t<\/h2>\n\t\t\t\t\t\t\t\t\t\t\t\t\t\t\t\t\t\t\t\t\t\t<div class=\"slider-text\">\n\t\t\t\t\t\t\t\t\tWir sind ein \u00f6sterreichisches Familienunternehmen und vereinen traditionelle Werte mit der Ausrichtung auf Ihre Bed\u00fcrfnisse.\t\t\t\t\t\t\t\t<\/div>\n\t\t\t\t\t\t\t\n\t\t\t\t\t\t\t\t\t\t\t\t\t\t\t<a href=\"#\" class=\"slider-link\">\n\t\t\t\t\t\t\t\t\tERFAHREN SIE MEHR\t\t\t\t\t\t\t\t<\/a>\n\t\t\t\t\t\t\t\t\t\t\t\t\t<\/div>\n\t\t\t\t\t\t<!-- IMAGE WRAPPER -->\n\t\t\t\t\t\t<div class=\"slider-image-wrapper\">\n\t\t\t\t\t\t\t<div class=\"slider-image-border\">\n\t\t\t\t\t\t\t\t<div class=\"slider-image\">\n\t\t\t\t\t\t\t\t\t<img loading=\"lazy\" decoding=\"async\" width=\"428\" height=\"428\" src=\"https:\/\/www.coreth.at\/content\/uploads\/2021\/01\/49.jpg\" class=\"attachment-full size-full\" alt=\"\" srcset=\"https:\/\/www.coreth.at\/content\/uploads\/2021\/01\/49.jpg 428w, https:\/\/www.coreth.at\/content\/uploads\/2021\/01\/49-300x300.jpg 300w, https:\/\/www.coreth.at\/content\/uploads\/2021\/01\/49-150x150.jpg 150w, https:\/\/www.coreth.at\/content\/uploads\/2021\/01\/49-195x195.jpg 195w\" sizes=\"auto, (max-width: 428px) 100vw, 428px\" \/>\t\t\t\t\t\t\t\t<\/div>\n\t\t\t\t\t\t\t<\/div>\n\t\t\t\t\t\t<\/div>\n\n\t\t\t\t\t\t<div class=\"slider-text-wrapper slider-wrapper-mobile\">\n\t\t\t\t\t\t\t\t\t\t\t\t\t\t\t<h2 class=\"slider-title\">\n\t\t\t\t\t\t\t\t\tPERFEKT VERPACKT SEIT 1980\t\t\t\t\t\t\t\t<\/h2>\n\t\t\t\t\t\t\t\t\t\t\t\t\t\t\t\t\t\t\t\t\t\t<div class=\"slider-text\">\n\t\t\t\t\t\t\t\t\tWir sind ein \u00f6sterreichisches Familienunternehmen und vereinen traditionelle Werte mit der Ausrichtung auf Ihre Bed\u00fcrfnisse.\t\t\t\t\t\t\t\t<\/div>\n\t\t\t\t\t\t\t\n\t\t\t\t\t\t\t\t\t\t\t\t\t\t\t<a href=\"#\" class=\"slider-link\">\n\t\t\t\t\t\t\t\t\tERFAHREN SIE MEHR\t\t\t\t\t\t\t\t<\/a>\n\t\t\t\t\t\t\t\t\t\t\t\t\t<\/div>\n\n\t\t\t\t\t<\/li>\n\t\t\t\t\t\t\t\t\t<li class=\"slider-item\">\n\t\t\t\t\t\t<!-- CONTENT WRAPPER -->\n\t\t\t\t\t\t<div class=\"slider-text-wrapper slider-wrapper-large\">\n\t\t\t\t\t\t\t\t\t\t\t\t\t\t\t<h2 class=\"slider-title\">\n\t\t\t\t\t\t\t\t\tQUALIT\u00c4T NACH MASS\t\t\t\t\t\t\t\t<\/h2>\n\t\t\t\t\t\t\t\t\t\t\t\t\t\t\t\t\t\t\t\t\t\t<div class=\"slider-text\">\n\t\t\t\t\t\t\t\t\tWir entwickeln ma\u00dfgeschneiderte Verpackungsl\u00f6sungen und bieten Ihnen hochwertige Produkte und perfekten Service.\t\t\t\t\t\t\t\t<\/div>\n\t\t\t\t\t\t\t\n\t\t\t\t\t\t\t\t\t\t\t\t\t\t\t<a href=\"http:\/\/www.coreth.at\/de\/produkte\/schlauchzuschnitte\/ID41\/\" class=\"slider-link\">\n\t\t\t\t\t\t\t\t\tERFAHREN SIE MEHR\t\t\t\t\t\t\t\t<\/a>\n\t\t\t\t\t\t\t\t\t\t\t\t\t<\/div>\n\t\t\t\t\t\t<!-- IMAGE WRAPPER -->\n\t\t\t\t\t\t<div class=\"slider-image-wrapper\">\n\t\t\t\t\t\t\t<div class=\"slider-image-border\">\n\t\t\t\t\t\t\t\t<div class=\"slider-image\">\n\t\t\t\t\t\t\t\t\t<img loading=\"lazy\" decoding=\"async\" width=\"428\" height=\"428\" src=\"https:\/\/www.coreth.at\/content\/uploads\/2021\/01\/45.jpg\" class=\"attachment-full size-full\" alt=\"\" srcset=\"https:\/\/www.coreth.at\/content\/uploads\/2021\/01\/45.jpg 428w, https:\/\/www.coreth.at\/content\/uploads\/2021\/01\/45-300x300.jpg 300w, https:\/\/www.coreth.at\/content\/uploads\/2021\/01\/45-150x150.jpg 150w, https:\/\/www.coreth.at\/content\/uploads\/2021\/01\/45-195x195.jpg 195w\" sizes=\"auto, (max-width: 428px) 100vw, 428px\" \/>\t\t\t\t\t\t\t\t<\/div>\n\t\t\t\t\t\t\t<\/div>\n\t\t\t\t\t\t<\/div>\n\n\t\t\t\t\t\t<div class=\"slider-text-wrapper slider-wrapper-mobile\">\n\t\t\t\t\t\t\t\t\t\t\t\t\t\t\t<h2 class=\"slider-title\">\n\t\t\t\t\t\t\t\t\tQUALIT\u00c4T NACH MASS\t\t\t\t\t\t\t\t<\/h2>\n\t\t\t\t\t\t\t\t\t\t\t\t\t\t\t\t\t\t\t\t\t\t<div class=\"slider-text\">\n\t\t\t\t\t\t\t\t\tWir entwickeln ma\u00dfgeschneiderte Verpackungsl\u00f6sungen und bieten Ihnen hochwertige Produkte und perfekten Service.\t\t\t\t\t\t\t\t<\/div>\n\t\t\t\t\t\t\t\n\t\t\t\t\t\t\t\t\t\t\t\t\t\t\t<a href=\"http:\/\/www.coreth.at\/de\/produkte\/schlauchzuschnitte\/ID41\/\" class=\"slider-link\">\n\t\t\t\t\t\t\t\t\tERFAHREN SIE MEHR\t\t\t\t\t\t\t\t<\/a>\n\t\t\t\t\t\t\t\t\t\t\t\t\t<\/div>\n\n\t\t\t\t\t<\/li>\n\t\t\t\t\t\t\t\t<\/ul>\n\t\t\t\t<\/div><\/div><\/div>\n\n\n\n<div class=\"wp-block-column is-layout-flow wp-block-column-is-layout-flow\" style=\"flex-basis:30%\">\n\n<div class=\"greenzone-block custom-block-container\">\n\t<div class=\"greenzone-block-inner custom-block-inner\">\n\t\t<span class=\"title\">Die Gr\u00fcne Zone<\/span>\n\n\t\t<div class=\"widget-content\">\n\t\t\t\t\t\t\t<div class=\"zone-image-wrapper\">\n\t\t\t\t\t<img decoding=\"async\" src=\"https:\/\/www.coreth.at\/content\/uploads\/2023\/09\/Coreth_Recycling_Logo-300x300.png\" class=\"zone-box-image\" alt=\"Die Gr\u00fcne Zone\">\n\t\t\t\t<\/div>\n\t\t\t\n\t\t\t\t\t\t\t<h2><p>Kreislaufwirtschaft bei CORETH.<\/p>\n<\/h2>\n\t\t\t\n\t\t\t<p>Alle von uns gefertigten Polyethylen Folien sind zu 100% recyclingf\u00e4hig. Die Folienabf\u00e4lle werden im CORETH Recyclingzentrum rezykliert und in unsere Produktion r\u00fcckgef\u00fchrt.<\/p>\n\t\t<\/div>\n\t<\/div>\n\t\t\t<div class=\"bottom\">\n\t\t\t<a href=\"https:\/\/www.coreth.at\/de\/die-gruene-zone\/\">\n\t\t\t\tMEHR ERFAHREN\t\t\t<\/a>\n\t\t<\/div>\n\t<\/div>\n<\/div>\n<\/div>\n\n\n\n<div class=\"wp-block-columns is-layout-flex wp-container-core-columns-is-layout-9d6595d7 wp-block-columns-is-layout-flex\">\n<div class=\"wp-block-column is-layout-flow wp-block-column-is-layout-flow\" style=\"flex-basis:66.66%\"><div class=\"products-block custom-block-container\">\n\t<div class=\"products-block-inner custom-block-inner\">\n\t\t\t\t\t<span class=\"title\">PRODUKTE<\/span>\n\t\t\t\t\t\t\t<div class=\"content\">\n\t\t\t\t<h2>PRODUKTE<\/h2>\n\t\t\t<\/div>\n\t\t\t\t<div class=\"products-selection\">\n\t\t\t<div class=\"dropdown\">\n\t\t\t\t  <button class=\"drop-button\" data-target=\"#product-dropdown\">W\u00e4hlen Sie ein Produkt<\/button>\n\t\t\t\t  <div id=\"product-dropdown\" class=\"dropdown-content\">\n\t\t\t\t    \t\t\t\t    \t<a href=\"https:\/\/www.coreth.at\/de\/produkte\/flachfolien\/\">Flachfolien<\/a>\n\t\t\t\t    \t\t\t\t    \t<a href=\"https:\/\/www.coreth.at\/de\/produkte\/schlauchfolien\/\">Schl\u00e4uche<\/a>\n\t\t\t\t    \t\t\t\t    \t<a href=\"https:\/\/www.coreth.at\/de\/produkte\/dehnschlauch\/\">Dehnschlauch<\/a>\n\t\t\t\t    \t\t\t\t    \t<a href=\"https:\/\/www.coreth.at\/de\/produkte\/palettenhauben\/\">Palettenhauben<\/a>\n\t\t\t\t    \t\t\t\t    \t<a href=\"https:\/\/www.coreth.at\/de\/produkte\/saecke\/\">S\u00e4cke<\/a>\n\t\t\t\t    \t\t\t\t    \t<a href=\"https:\/\/www.coreth.at\/de\/produkte\/zushnitte\/\">Zuschnitte<\/a>\n\t\t\t\t    \t\t\t\t    \t<a href=\"https:\/\/www.coreth.at\/de\/produkte\/baufolien-abdeckfolien-transparent\/\">Baufolien, Abdeckfolien transparent<\/a>\n\t\t\t\t    \t\t\t\t    \t<a href=\"https:\/\/www.coreth.at\/de\/produkte\/dampfbremsfolien\/\">Dampfbremsfolien<\/a>\n\t\t\t\t    \t\t\t\t    \t<a href=\"https:\/\/www.coreth.at\/de\/produkte\/flexo-druck\/\">Flexo Druck<\/a>\n\t\t\t\t    \t\t\t\t    \t<a href=\"https:\/\/www.coreth.at\/de\/produkte\/lohndruck-bis-zu-8-farben\/\">LOHNDRUCK BIS ZU 8 FARBEN<\/a>\n\t\t\t\t    \t\t\t\t    \t<a href=\"https:\/\/www.coreth.at\/de\/produkte\/stretchschlauch\/\">Stretchschlauch<\/a>\n\t\t\t\t    \t\t\t\t    \t<a href=\"https:\/\/www.coreth.at\/de\/produkte\/lohnrecycling\/\">Lohnrecycling<\/a>\n\t\t\t\t    \t\t\t\t    \t<a href=\"https:\/\/www.coreth.at\/de\/produkte\/stretchfolie\/\">Stretchfolie<\/a>\n\t\t\t\t    \t\t\t\t    \t<a href=\"https:\/\/www.coreth.at\/de\/produkte\/klebebaender\/\">Klebeb\u00e4nder<\/a>\n\t\t\t\t    \t\t\t\t    \t<a href=\"https:\/\/www.coreth.at\/de\/produkte\/zubehoer\/\">Zubeh\u00f6r<\/a>\n\t\t\t\t    \t\t\t\t  <\/div>\n\t\t\t<\/div>\n\t\t<\/div>\n\t\t<div class=\"image-wrapper\">\n\t\t\t<img decoding=\"async\" class=\"image\" src=\"https:\/\/www.coreth.at\/content\/themes\/coreth\/images\/background\/13.jpg\">\n\t\t\t<img decoding=\"async\" class=\"image-wrapper-border\" src=\"https:\/\/www.coreth.at\/content\/themes\/coreth\/images\/background\/bg_rahmen.png\">\t\t\t\n\t\t<\/div>\n\t<\/div>\n\t\t\t<div class=\"bottom\">\n\t\t\t<a href=\"#\">\n\t\t\t\tALLE PRODUKTE ANZEIGEN\t\t\t<\/a>\n\t\t<\/div>\n\t<\/div><\/div>\n<\/div>\n\n\n\n<div style=\"height:20px\" aria-hidden=\"true\" class=\"wp-block-spacer\"><\/div>\n\n\n\n<div class=\"wp-block-columns is-layout-flex wp-container-core-columns-is-layout-9d6595d7 wp-block-columns-is-layout-flex\">\n<div class=\"wp-block-column is-layout-flow wp-block-column-is-layout-flow\" style=\"flex-basis:33.33%\">\n<p><\/p>\n<\/div>\n\n\n\n<div class=\"wp-block-column is-layout-flow wp-block-column-is-layout-flow\" style=\"flex-basis:66.66%\"><div class=\"testimonial-block custom-block-container\">\n\t<div class=\"testimonial-block-inner custom-block-inner\">\n\t\t\t\t\t<span class=\"title\">MENSCHEN \u00dcBER CORETH<\/span>\n\t\t\t\t<div class=\"testimonial-content\">\n\t\t\t<blockquote class=\"quote\">\n\t\t\t\tDie Firma Coreth ist f\u00fcr V\u00f6slauer ein langj\u00e4hriger und regionaler Partner im Bereich der Folienverpackung. Gemeinsam arbeiten wir an nachhaltigen Verpackungs- l\u00f6sungen, die nicht nur h\u00f6chste Qualit\u00e4t liefern, sondern auch umwelt- und ressourcenschonend sind. Die r\u00e4umliche N\u00e4he unserer beiden familiengef\u00fchrten Unternehmen bietet zus\u00e4tzliche Vorteile.\t\t\t<\/blockquote>\n\t\t\t<div class=\"testimonial-image\">\n\t\t\t\t<img loading=\"lazy\" decoding=\"async\" width=\"150\" height=\"150\" src=\"https:\/\/www.coreth.at\/content\/uploads\/2020\/12\/460.jpg\" class=\"attachment-thumbnail size-thumbnail\" alt=\"\" \/>\t\t\t\t\n\t\t\t<\/div>\n\t\t<\/div>\n\t\t<div class=\"testimonials-person\">\n\t\t\t<span class=\"small-line\"><\/span>\n\t\t\t<strong>DI Herbert Schlossnikl<\/strong><br>\n\t\t\tGesch\u00e4ftsf\u00fchrer, V\u00f6slauer Mineralwasser GmbH\t\t<\/div>\n\t<\/div>\t\n\t\t\t<div class=\"bottom\">\n\t\t\t<a href=\"http:\/\/www.coreth.at\/de\/kundenmeinungen\/\">\n\t\t\t\tWAS ANDERE SAGEN\t\t\t<\/a>\n\t\t<\/div>\n\t<\/div><\/div>\n<\/div>\n\n\n\n<p><\/p>\n","protected":false},"excerpt":{"rendered":"","protected":false},"author":1,"featured_media":0,"parent":0,"menu_order":0,"comment_status":"closed","ping_status":"closed","template":"page-home.php","meta":[],"class_list":["post-683","page","type-page","status-publish","hentry"],"yoast_head":"<!-- This site is optimized with the Yoast SEO plugin v27.2 - https:\/\/yoast.com\/product\/yoast-seo-wordpress\/ -->\n<title>Home - CORETH<\/title>\n<meta name=\"description\" content=\"Wir entwickeln ma\u00dfgeschneiderte Verpackungsl\u00f6sungen und bieten Ihnen hochwertige Produkte und perfekten Service.\" \/>\n<meta name=\"robots\" content=\"index, follow, max-snippet:-1, max-image-preview:large, max-video-preview:-1\" \/>\n<link rel=\"canonical\" href=\"https:\/\/www.coreth.at\/de\/\" \/>\n<meta property=\"og:locale\" content=\"de_DE\" \/>\n<meta property=\"og:type\" content=\"article\" \/>\n<meta property=\"og:title\" content=\"Home - CORETH\" \/>\n<meta property=\"og:description\" content=\"Wir entwickeln ma\u00dfgeschneiderte Verpackungsl\u00f6sungen und bieten Ihnen hochwertige Produkte und perfekten Service.\" \/>\n<meta property=\"og:url\" content=\"https:\/\/www.coreth.at\/de\/\" \/>\n<meta property=\"og:site_name\" content=\"CORETH\" \/>\n<meta property=\"article:modified_time\" content=\"2024-09-27T11:29:40+00:00\" \/>\n<meta name=\"twitter:card\" content=\"summary_large_image\" \/>\n<script type=\"application\/ld+json\" class=\"yoast-schema-graph\">{\"@context\":\"https:\/\/schema.org\",\"@graph\":[{\"@type\":\"WebPage\",\"@id\":\"https:\/\/www.coreth.at\/de\/\",\"url\":\"https:\/\/www.coreth.at\/de\/\",\"name\":\"Home - CORETH\",\"isPartOf\":{\"@id\":\"https:\/\/www.coreth.at\/de\/#website\"},\"datePublished\":\"2020-12-16T10:03:39+00:00\",\"dateModified\":\"2024-09-27T11:29:40+00:00\",\"description\":\"Wir entwickeln ma\u00dfgeschneiderte Verpackungsl\u00f6sungen und bieten Ihnen hochwertige Produkte und perfekten Service.\",\"inLanguage\":\"de\",\"potentialAction\":[{\"@type\":\"ReadAction\",\"target\":[\"https:\/\/www.coreth.at\/de\/\"]}]},{\"@type\":\"WebSite\",\"@id\":\"https:\/\/www.coreth.at\/de\/#website\",\"url\":\"https:\/\/www.coreth.at\/de\/\",\"name\":\"CORETH\",\"description\":\"\",\"publisher\":{\"@id\":\"https:\/\/www.coreth.at\/de\/#organization\"},\"potentialAction\":[{\"@type\":\"SearchAction\",\"target\":{\"@type\":\"EntryPoint\",\"urlTemplate\":\"https:\/\/www.coreth.at\/de\/?s={search_term_string}\"},\"query-input\":{\"@type\":\"PropertyValueSpecification\",\"valueRequired\":true,\"valueName\":\"search_term_string\"}}],\"inLanguage\":\"de\"},{\"@type\":\"Organization\",\"@id\":\"https:\/\/www.coreth.at\/de\/#organization\",\"name\":\"CORETH\",\"url\":\"https:\/\/www.coreth.at\/de\/\",\"logo\":{\"@type\":\"ImageObject\",\"inLanguage\":\"de\",\"@id\":\"https:\/\/www.coreth.at\/de\/#\/schema\/logo\/image\/\",\"url\":\"https:\/\/www.coreth.at\/content\/uploads\/2021\/02\/logo_coreth-2.png\",\"contentUrl\":\"https:\/\/www.coreth.at\/content\/uploads\/2021\/02\/logo_coreth-2.png\",\"width\":428,\"height\":36,\"caption\":\"CORETH\"},\"image\":{\"@id\":\"https:\/\/www.coreth.at\/de\/#\/schema\/logo\/image\/\"}}]}<\/script>\n<!-- \/ Yoast SEO plugin. -->","yoast_head_json":{"title":"Home - CORETH","description":"Wir entwickeln ma\u00dfgeschneiderte Verpackungsl\u00f6sungen und bieten Ihnen hochwertige Produkte und perfekten Service.","robots":{"index":"index","follow":"follow","max-snippet":"max-snippet:-1","max-image-preview":"max-image-preview:large","max-video-preview":"max-video-preview:-1"},"canonical":"https:\/\/www.coreth.at\/de\/","og_locale":"de_DE","og_type":"article","og_title":"Home - CORETH","og_description":"Wir entwickeln ma\u00dfgeschneiderte Verpackungsl\u00f6sungen und bieten Ihnen hochwertige Produkte und perfekten Service.","og_url":"https:\/\/www.coreth.at\/de\/","og_site_name":"CORETH","article_modified_time":"2024-09-27T11:29:40+00:00","twitter_card":"summary_large_image","schema":{"@context":"https:\/\/schema.org","@graph":[{"@type":"WebPage","@id":"https:\/\/www.coreth.at\/de\/","url":"https:\/\/www.coreth.at\/de\/","name":"Home - CORETH","isPartOf":{"@id":"https:\/\/www.coreth.at\/de\/#website"},"datePublished":"2020-12-16T10:03:39+00:00","dateModified":"2024-09-27T11:29:40+00:00","description":"Wir entwickeln ma\u00dfgeschneiderte Verpackungsl\u00f6sungen und bieten Ihnen hochwertige Produkte und perfekten Service.","inLanguage":"de","potentialAction":[{"@type":"ReadAction","target":["https:\/\/www.coreth.at\/de\/"]}]},{"@type":"WebSite","@id":"https:\/\/www.coreth.at\/de\/#website","url":"https:\/\/www.coreth.at\/de\/","name":"CORETH","description":"","publisher":{"@id":"https:\/\/www.coreth.at\/de\/#organization"},"potentialAction":[{"@type":"SearchAction","target":{"@type":"EntryPoint","urlTemplate":"https:\/\/www.coreth.at\/de\/?s={search_term_string}"},"query-input":{"@type":"PropertyValueSpecification","valueRequired":true,"valueName":"search_term_string"}}],"inLanguage":"de"},{"@type":"Organization","@id":"https:\/\/www.coreth.at\/de\/#organization","name":"CORETH","url":"https:\/\/www.coreth.at\/de\/","logo":{"@type":"ImageObject","inLanguage":"de","@id":"https:\/\/www.coreth.at\/de\/#\/schema\/logo\/image\/","url":"https:\/\/www.coreth.at\/content\/uploads\/2021\/02\/logo_coreth-2.png","contentUrl":"https:\/\/www.coreth.at\/content\/uploads\/2021\/02\/logo_coreth-2.png","width":428,"height":36,"caption":"CORETH"},"image":{"@id":"https:\/\/www.coreth.at\/de\/#\/schema\/logo\/image\/"}}]}},"_links":{"self":[{"href":"https:\/\/www.coreth.at\/de\/wp-json\/wp\/v2\/pages\/683","targetHints":{"allow":["GET"]}}],"collection":[{"href":"https:\/\/www.coreth.at\/de\/wp-json\/wp\/v2\/pages"}],"about":[{"href":"https:\/\/www.coreth.at\/de\/wp-json\/wp\/v2\/types\/page"}],"author":[{"embeddable":true,"href":"https:\/\/www.coreth.at\/de\/wp-json\/wp\/v2\/users\/1"}],"replies":[{"embeddable":true,"href":"https:\/\/www.coreth.at\/de\/wp-json\/wp\/v2\/comments?post=683"}],"version-history":[{"count":0,"href":"https:\/\/www.coreth.at\/de\/wp-json\/wp\/v2\/pages\/683\/revisions"}],"wp:attachment":[{"href":"https:\/\/www.coreth.at\/de\/wp-json\/wp\/v2\/media?parent=683"}],"curies":[{"name":"wp","href":"https:\/\/api.w.org\/{rel}","templated":true}]}}