{"id":193,"date":"2020-12-13T11:59:25","date_gmt":"2020-12-13T11:59:25","guid":{"rendered":"https:\/\/www.coreth.at\/data-privacy\/"},"modified":"2023-09-18T16:23:48","modified_gmt":"2023-09-18T14:23:48","slug":"impressum","status":"publish","type":"page","link":"https:\/\/www.coreth.at\/de\/impressum\/","title":{"rendered":"Impressum"},"content":{"rendered":"\n<p>Betreiber dieser Website ist die<br>G. Coreth Kunststoffverarbeitungs GmbH.&nbsp;<\/p>\n\n\n\n<p>Anschrift:&nbsp;<br>Mitterndorferstra\u00dfe 7<br>2442 Unterwaltersdorf<br>\u00d6sterreich&nbsp;<\/p>\n\n\n\n<p>Telefon: +43 2254\/781 0<br>Telefax: +43 2254\/781 11<\/p>\n\n\n\n<p>UID Nr.: ATU 17566809<br>Firmenbuchnummer: FN 111673a<\/p>\n\n\n\n<p>DUNS Nr.: 30-036-9295<br>Gerichtsstand: LG Wiener Neustadt<br>DVR-Nr.: 41823\/021907340<\/p>\n\n\n\n<div style=\"height:10px\" aria-hidden=\"true\" class=\"wp-block-spacer\"><\/div>\n\n\n\n<h2 class=\"wp-block-heading\">DATENSCHUTZHINWEIS<\/h2>\n\n\n\n<p><\/p>\n\n\n\n<p>Auf dieser Website werden Produkte und Dienstleistungen der wiredminds GmbH (www.wiredminds.de) verwendet. Dabei werden Daten erhoben, verarbeitet und gespeichert, aus denen unter einem Pseudonym Nutzungsprofile erstellt werden. Wo m\u00f6glich und sinnvoll werden die Nutzungsprofile vollst\u00e4ndig anonymisiert. Hierzu k\u00f6nnen Cookies zum Einsatz kommen. Cookies sind kleine Textdateien, die im Internet-Browser des Besuchers gespeichert werden und zur Wiedererkennung des Internet-Browsers dienen. Grunds\u00e4tzlich werden Cookies verwendet, um Nutzern zus\u00e4tzliche Funktionen auf einer Website zu bieten. Cookies k\u00f6nnen auf keine anderen Daten auf Ihrem Computer zugreifen, diese lesen oder ver\u00e4ndern. Wir verarbeiten Ihre Daten auf Grundlage unseres \u00fcberwiegenden berechtigten Interesses, auf kosteneffiziente Weise eine leicht zu verwendende Website-Zugriffsstatistik zu erstellen (Art 6 Abs 1 lit f DSGVO). Die erhobenen Daten, die auch personenbezogene Daten beinhalten k\u00f6nnen, werden an wiredminds \u00fcbermittelt oder direkt von wiredminds erhoben. Wir speichern keine Ihrer Daten, die in diesem Zusammenhang erhoben werden. wiredminds darf Informationen, die durch Besuche auf den Webseiten hinterlassen werden, nutzen um anonymisierte Nutzungsprofile zu erstellen. In unserem Auftrag wird wiredminds diese Informationen verwenden, um Ihre Nutzung der Website zu Zwecken des Marketings und der Optimierung auszuwerten und um weitere mit der Websitenutzung sowie der Internetnutzung verbundene Dienstleistungen an uns zu erbringen. Die dabei gewonnenen Daten werden ohne die gesondert erteilte Zustimmung des Betroffenen nicht benutzt, um den Besucher dieser Website pers\u00f6nlich zu identifizieren und sie werden nicht mit personenbezogenen Daten \u00fcber den Tr\u00e4ger des Pseudonyms zusammengef\u00fchrt. Soweit IP-Adressen erhoben werden, werden diese unverz\u00fcglich nach Erhebung durch L\u00f6schen des letzten Nummernblocks anonymisiert. Der Datenerhebung, -verarbeitung und -speicherung kann jederzeit mit Wirkung f\u00fcr die Zukunft widersprochen werden.<\/p>\n\n\n\n<p>Sie k\u00f6nnen die Speicherung der Cookies durch eine entsprechende Einstellung Ihrer Browser-Software verhindern. Details dazu finden Sie in der Hilfe Funktion Ihres Browsers (zumeist abrufbar \u00fcber die F1-Taste Ihrer Tastatur). Wir weisen Sie jedoch darauf hin, dass Sie in diesem Fall unter Umst\u00e4nden nicht s\u00e4mtliche Funktionen dieser Website vollumf\u00e4nglich nutzen k\u00f6nnen. N\u00e4here Informationen zu den Nutzungsbedingungen von wiredminds sowie deren Datenschutzerkl\u00e4rung finden Sie unter <a href=\"http:\/\/www.wiredminds.de\" target=\"_blank\" rel=\"noreferrer noopener\">www.wiredminds.de<\/a><\/p>\n","protected":false},"excerpt":{"rendered":"<p>Betreiber dieser Website ist dieG. Coreth Kunststoffverarbeitungs GmbH.&nbsp; Anschrift:&nbsp;Mitterndorferstra\u00dfe 72442 Unterwaltersdorf\u00d6sterreich&nbsp; Telefon: +43 2254\/781 0Telefax: +43 2254\/781 11 UID Nr.: ATU 17566809Firmenbuchnummer: FN 111673a DUNS Nr.: 30-036-9295Gerichtsstand: LG Wiener NeustadtDVR-Nr.: 41823\/021907340 DATENSCHUTZHINWEIS Auf dieser Website werden Produkte und Dienstleistungen der wiredminds GmbH (www.wiredminds.de) verwendet. Dabei werden Daten erhoben, verarbeitet und gespeichert, aus denen unter einem [&hellip;]<\/p>\n","protected":false},"author":1,"featured_media":0,"parent":0,"menu_order":0,"comment_status":"closed","ping_status":"closed","template":"","meta":[],"class_list":["post-193","page","type-page","status-publish","hentry"],"yoast_head":"<!-- This site is optimized with the Yoast SEO plugin v27.2 - https:\/\/yoast.com\/product\/yoast-seo-wordpress\/ -->\n<title>Impressum - CORETH<\/title>\n<meta name=\"description\" content=\"Wir entwickeln ma\u00dfgeschneiderte Verpackungsl\u00f6sungen und bieten Ihnen hochwertige Produkte und perfekten Service.\" \/>\n<meta name=\"robots\" content=\"index, follow, max-snippet:-1, max-image-preview:large, max-video-preview:-1\" \/>\n<link rel=\"canonical\" href=\"https:\/\/www.coreth.at\/de\/impressum\/\" \/>\n<meta property=\"og:locale\" content=\"de_DE\" \/>\n<meta property=\"og:type\" content=\"article\" \/>\n<meta property=\"og:title\" content=\"Impressum - CORETH\" \/>\n<meta property=\"og:description\" content=\"Wir entwickeln ma\u00dfgeschneiderte Verpackungsl\u00f6sungen und bieten Ihnen hochwertige Produkte und perfekten Service.\" \/>\n<meta property=\"og:url\" content=\"https:\/\/www.coreth.at\/de\/impressum\/\" \/>\n<meta property=\"og:site_name\" content=\"CORETH\" \/>\n<meta property=\"article:modified_time\" content=\"2023-09-18T14:23:48+00:00\" \/>\n<meta name=\"twitter:card\" content=\"summary_large_image\" \/>\n<meta name=\"twitter:label1\" content=\"Gesch\u00e4tzte Lesezeit\" \/>\n\t<meta name=\"twitter:data1\" content=\"2\u00a0Minuten\" \/>\n<script type=\"application\/ld+json\" class=\"yoast-schema-graph\">{\"@context\":\"https:\/\/schema.org\",\"@graph\":[{\"@type\":\"WebPage\",\"@id\":\"https:\/\/www.coreth.at\/de\/impressum\/\",\"url\":\"https:\/\/www.coreth.at\/de\/impressum\/\",\"name\":\"Impressum - CORETH\",\"isPartOf\":{\"@id\":\"https:\/\/www.coreth.at\/de\/#website\"},\"datePublished\":\"2020-12-13T11:59:25+00:00\",\"dateModified\":\"2023-09-18T14:23:48+00:00\",\"description\":\"Wir entwickeln ma\u00dfgeschneiderte Verpackungsl\u00f6sungen und bieten Ihnen hochwertige Produkte und perfekten Service.\",\"inLanguage\":\"de\",\"potentialAction\":[{\"@type\":\"ReadAction\",\"target\":[\"https:\/\/www.coreth.at\/de\/impressum\/\"]}]},{\"@type\":\"WebSite\",\"@id\":\"https:\/\/www.coreth.at\/de\/#website\",\"url\":\"https:\/\/www.coreth.at\/de\/\",\"name\":\"CORETH\",\"description\":\"\",\"publisher\":{\"@id\":\"https:\/\/www.coreth.at\/de\/#organization\"},\"potentialAction\":[{\"@type\":\"SearchAction\",\"target\":{\"@type\":\"EntryPoint\",\"urlTemplate\":\"https:\/\/www.coreth.at\/de\/?s={search_term_string}\"},\"query-input\":{\"@type\":\"PropertyValueSpecification\",\"valueRequired\":true,\"valueName\":\"search_term_string\"}}],\"inLanguage\":\"de\"},{\"@type\":\"Organization\",\"@id\":\"https:\/\/www.coreth.at\/de\/#organization\",\"name\":\"CORETH\",\"url\":\"https:\/\/www.coreth.at\/de\/\",\"logo\":{\"@type\":\"ImageObject\",\"inLanguage\":\"de\",\"@id\":\"https:\/\/www.coreth.at\/de\/#\/schema\/logo\/image\/\",\"url\":\"https:\/\/www.coreth.at\/content\/uploads\/2021\/02\/logo_coreth-2.png\",\"contentUrl\":\"https:\/\/www.coreth.at\/content\/uploads\/2021\/02\/logo_coreth-2.png\",\"width\":428,\"height\":36,\"caption\":\"CORETH\"},\"image\":{\"@id\":\"https:\/\/www.coreth.at\/de\/#\/schema\/logo\/image\/\"}}]}<\/script>\n<!-- \/ Yoast SEO plugin. -->","yoast_head_json":{"title":"Impressum - CORETH","description":"Wir entwickeln ma\u00dfgeschneiderte Verpackungsl\u00f6sungen und bieten Ihnen hochwertige Produkte und perfekten Service.","robots":{"index":"index","follow":"follow","max-snippet":"max-snippet:-1","max-image-preview":"max-image-preview:large","max-video-preview":"max-video-preview:-1"},"canonical":"https:\/\/www.coreth.at\/de\/impressum\/","og_locale":"de_DE","og_type":"article","og_title":"Impressum - CORETH","og_description":"Wir entwickeln ma\u00dfgeschneiderte Verpackungsl\u00f6sungen und bieten Ihnen hochwertige Produkte und perfekten Service.","og_url":"https:\/\/www.coreth.at\/de\/impressum\/","og_site_name":"CORETH","article_modified_time":"2023-09-18T14:23:48+00:00","twitter_card":"summary_large_image","twitter_misc":{"Gesch\u00e4tzte Lesezeit":"2\u00a0Minuten"},"schema":{"@context":"https:\/\/schema.org","@graph":[{"@type":"WebPage","@id":"https:\/\/www.coreth.at\/de\/impressum\/","url":"https:\/\/www.coreth.at\/de\/impressum\/","name":"Impressum - CORETH","isPartOf":{"@id":"https:\/\/www.coreth.at\/de\/#website"},"datePublished":"2020-12-13T11:59:25+00:00","dateModified":"2023-09-18T14:23:48+00:00","description":"Wir entwickeln ma\u00dfgeschneiderte Verpackungsl\u00f6sungen und bieten Ihnen hochwertige Produkte und perfekten Service.","inLanguage":"de","potentialAction":[{"@type":"ReadAction","target":["https:\/\/www.coreth.at\/de\/impressum\/"]}]},{"@type":"WebSite","@id":"https:\/\/www.coreth.at\/de\/#website","url":"https:\/\/www.coreth.at\/de\/","name":"CORETH","description":"","publisher":{"@id":"https:\/\/www.coreth.at\/de\/#organization"},"potentialAction":[{"@type":"SearchAction","target":{"@type":"EntryPoint","urlTemplate":"https:\/\/www.coreth.at\/de\/?s={search_term_string}"},"query-input":{"@type":"PropertyValueSpecification","valueRequired":true,"valueName":"search_term_string"}}],"inLanguage":"de"},{"@type":"Organization","@id":"https:\/\/www.coreth.at\/de\/#organization","name":"CORETH","url":"https:\/\/www.coreth.at\/de\/","logo":{"@type":"ImageObject","inLanguage":"de","@id":"https:\/\/www.coreth.at\/de\/#\/schema\/logo\/image\/","url":"https:\/\/www.coreth.at\/content\/uploads\/2021\/02\/logo_coreth-2.png","contentUrl":"https:\/\/www.coreth.at\/content\/uploads\/2021\/02\/logo_coreth-2.png","width":428,"height":36,"caption":"CORETH"},"image":{"@id":"https:\/\/www.coreth.at\/de\/#\/schema\/logo\/image\/"}}]}},"_links":{"self":[{"href":"https:\/\/www.coreth.at\/de\/wp-json\/wp\/v2\/pages\/193","targetHints":{"allow":["GET"]}}],"collection":[{"href":"https:\/\/www.coreth.at\/de\/wp-json\/wp\/v2\/pages"}],"about":[{"href":"https:\/\/www.coreth.at\/de\/wp-json\/wp\/v2\/types\/page"}],"author":[{"embeddable":true,"href":"https:\/\/www.coreth.at\/de\/wp-json\/wp\/v2\/users\/1"}],"replies":[{"embeddable":true,"href":"https:\/\/www.coreth.at\/de\/wp-json\/wp\/v2\/comments?post=193"}],"version-history":[{"count":0,"href":"https:\/\/www.coreth.at\/de\/wp-json\/wp\/v2\/pages\/193\/revisions"}],"wp:attachment":[{"href":"https:\/\/www.coreth.at\/de\/wp-json\/wp\/v2\/media?parent=193"}],"curies":[{"name":"wp","href":"https:\/\/api.w.org\/{rel}","templated":true}]}}