{"id":167,"date":"2020-12-13T10:23:25","date_gmt":"2020-12-13T10:23:25","guid":{"rendered":"https:\/\/www.coreth.at\/manufacturing-process\/"},"modified":"2024-08-09T09:31:51","modified_gmt":"2024-08-09T07:31:51","slug":"produktionsprozess","status":"publish","type":"page","link":"https:\/\/www.coreth.at\/de\/produktionsprozess\/","title":{"rendered":"Produktionsprozess"},"content":{"rendered":"\n<h1 class=\"wp-block-heading\">VOM ROHSTOFF ZUR VERPACKUNG                    VOM RECYCLING ZUM REGRANULAT&nbsp;&nbsp;&nbsp;&nbsp;&nbsp;&nbsp;&nbsp;&nbsp;&nbsp;&nbsp;&nbsp;<\/h1>\n\n\n\n<p>Der Produktionsprozess besteht aus mehreren Stufen: In der ersten Fertigungsstufe wird der <strong>Rohstoff zu Folie<\/strong> verarbeitet. In der zweiten m\u00f6glichen Fertigungsstufe erfolgt die <strong>Konfektionierung der Folie<\/strong>.<\/p>\n\n\n\n<p>Bei Kundenwunsch erfolgt der <strong>Bedruck in Premium Qualit\u00e4t<\/strong> in unserem neuen Druckzentrum.<\/p>\n\n\n\n<p>Danach wandeln wir alle Folienabf\u00e4lle fortlaufend im <strong>CORETH eigenen Recyclingzentrum<\/strong> erneut zu Post Industrial Rohstoff um, den wir als Regranulat in den Produktionskreislauf r\u00fcckf\u00fchren.<\/p>\n\n\n\n<h2 class=\"wp-block-heading\">EINBLICKE IN DEN PRODUKTIONSPROZESS<\/h2>\n\n\n\n<p>Als Ausgangsprodukt dient <strong>Polyethylen-Granulat<\/strong>, das in verschiedenen Spezifikationen hergestellt wird. Je nach Einsatzbereich werden die Grundmaterialen um Zusatzstoffe erg\u00e4nzt, um bestimmte Eigenschaften (<strong>z. B. Farbe, UV-Stabilit\u00e4t<\/strong>) zu erzielen. Hochwertige Endprodukte setzen aber nicht nur eine erstklassige Qualit\u00e4t an eingesetzten Rohstoffen voraus, sondern auch moderne Technologie und qualifizierte Mitarbeiter.<\/p>\n\n\n\n<p>Zun\u00e4chst werden die verschiedenen Rohstoffe automatisch verwogen und dann in der Extrusionsanlage aufgeschmolzen. Aus der D\u00fcse des Extruders tritt die Folie dann in<strong> Schlauchform<\/strong> aus und wird \u00fcber eine K\u00fchlstrecke senkrecht in die H\u00f6he gef\u00fchrt.<\/p>\n\n\n\n<p>Danach wird die Folie flachgelegt und \u00fcber eine durch mehrere Rollen gef\u00fchrte Folienlaufbahn wieder nach unten geleitet. Der Folienschlauch wird dann<strong> auf Rohre aus Karton oder Stahl gewickelt<\/strong> und entweder direkt ausgeliefert oder in der Konfektion weiterverarbeitet.<\/p>\n\n\n\n<h2 class=\"wp-block-heading\">DIE KONFEKTION<\/h2>\n\n\n\n<p>In der&nbsp;<strong>Konfektion<\/strong>, der zweiten Fertigungsstufe, erfolgt die Weiterverarbeitung der Folien. Die auf Gro\u00dfrollen gewickelte Folie wird hier weiteren Verarbeitungsschritten zugef\u00fchrt.<\/p>\n\n\n\n<p>Durch computergesteuerte Konfektioniermaschinen entstehen <strong>S\u00e4cke und Palettenhauben<\/strong>&nbsp;in verschiedenen Dimensionen. Flexible Anlagen erm\u00f6glichen die Fertigung von ma\u00dfgeschneiderten Produkten.<\/p>\n\n\n\n<div class=\"wp-block-media-text alignwide is-stacked-on-mobile\"><figure class=\"wp-block-media-text__media\"><img loading=\"lazy\" decoding=\"async\" width=\"290\" height=\"194\" src=\"https:\/\/www.coreth.at\/content\/uploads\/2020\/12\/203.jpg\" alt=\"\" class=\"wp-image-161 size-full\"\/><\/figure><div class=\"wp-block-media-text__content\">\n<p>Folien werden auch auf kleinere Rollen <strong>(Baufolie) <\/strong>umgewickelt oder dem Kundenwunsch entsprechend zugeschnitten.<br>Die fertigen Produkte durchlaufen ein mehrstufiges Qualit\u00e4tssicherheitssystem, werden verpackt und f\u00fcr die Versendung bzw. Auslieferung vorbereitet.<\/p>\n<\/div><\/div>\n\n\n\n<h2 class=\"wp-block-heading\">DER BEDRUCK<\/h2>\n\n\n\n<p>Neben dem Inline Druckverfahren k\u00f6nnen wir zus\u00e4tzlich in unserem eigenen Druckzentrum Flachfolien <strong>im hochwertigen 8 Farben Flexodruck<\/strong> herstellen.<\/p>\n\n\n\n<figure class=\"wp-block-image size-large is-resized\"><a href=\"https:\/\/www.coreth.at\/content\/uploads\/2021\/01\/206.jpg\"><img loading=\"lazy\" decoding=\"async\" src=\"https:\/\/www.coreth.at\/content\/uploads\/2021\/01\/206.jpg\" alt=\"\" class=\"wp-image-628\" style=\"width:290px;height:200px\" width=\"290\" height=\"200\" srcset=\"https:\/\/www.coreth.at\/content\/uploads\/2021\/01\/206.jpg 800w, https:\/\/www.coreth.at\/content\/uploads\/2021\/01\/206-300x207.jpg 300w, https:\/\/www.coreth.at\/content\/uploads\/2021\/01\/206-768x529.jpg 768w, https:\/\/www.coreth.at\/content\/uploads\/2021\/01\/206-283x195.jpg 283w\" sizes=\"auto, (max-width: 290px) 100vw, 290px\" \/><\/a><\/figure>\n\n\n\n<p><\/p>\n\n\n\n<p><\/p>\n\n\n\n<h2 class=\"wp-block-heading\"><br>DAS RECYCLING<\/h2>\n\n\n\n<p>Im <strong>CORETH eigenen Recyclingzentrum<\/strong> wird der Folienabfall zu erneutem Rohstoff umgewandelt.<\/p>\n\n\n\n<p>Das Regranulat kann in s\u00e4mtlichen, vom Gesetzgeber freigegebenen&nbsp;&nbsp;Produkten wiedereingesetzt werden.<\/p>\n\n\n\n<p>Der Anteil des Regenerats in einer Folie richtet sich nach dem Verwendungszweck und nach dem Einsatz der Folienverpackung. F\u00fcr Sekund\u00e4rpackmittel im Getr\u00e4nkeverpackungsbereich ist es m\u00f6glich einen Recyclinganteil in der Mittelschicht der Folie einzusetzen.<\/p>\n\n\n\n<p>Gerne \u00fcbernehmen wir auch Ihre Auftr\u00e4ge f\u00fcr <strong>Lohnrecycling<\/strong>.<\/p>\n\n\n\n<p>Wir fertigen aber auch nachhaltige L\u00f6sungen durch den <strong>sorgsamen Einsatz von Rohstoff <\/strong>und schonen somit die Rohstoff Ressourcen.<\/p>\n\n\n\n<p>Wir freuen uns auf das pers\u00f6nliche Gespr\u00e4ch.<\/p>\n\n\n\n<p><\/p>\n","protected":false},"excerpt":{"rendered":"<p>VOM ROHSTOFF ZUR VERPACKUNG VOM RECYCLING ZUM REGRANULAT&nbsp;&nbsp;&nbsp;&nbsp;&nbsp;&nbsp;&nbsp;&nbsp;&nbsp;&nbsp;&nbsp; Der Produktionsprozess besteht aus mehreren Stufen: In der ersten Fertigungsstufe wird der Rohstoff zu Folie verarbeitet. In der zweiten m\u00f6glichen Fertigungsstufe erfolgt die Konfektionierung der Folie. Bei Kundenwunsch erfolgt der Bedruck in Premium Qualit\u00e4t in unserem neuen Druckzentrum. Danach wandeln wir alle Folienabf\u00e4lle fortlaufend im CORETH eigenen [&hellip;]<\/p>\n","protected":false},"author":1,"featured_media":0,"parent":0,"menu_order":0,"comment_status":"closed","ping_status":"closed","template":"","meta":[],"class_list":["post-167","page","type-page","status-publish","hentry"],"yoast_head":"<!-- This site is optimized with the Yoast SEO plugin v27.2 - https:\/\/yoast.com\/product\/yoast-seo-wordpress\/ -->\n<title>Produktionsprozess - CORETH<\/title>\n<meta name=\"description\" content=\"Wir entwickeln ma\u00dfgeschneiderte Verpackungsl\u00f6sungen und bieten Ihnen hochwertige Produkte und perfekten Service.\" \/>\n<meta name=\"robots\" content=\"index, follow, max-snippet:-1, max-image-preview:large, max-video-preview:-1\" \/>\n<link rel=\"canonical\" href=\"https:\/\/www.coreth.at\/de\/produktionsprozess\/\" \/>\n<meta property=\"og:locale\" content=\"de_DE\" \/>\n<meta property=\"og:type\" content=\"article\" \/>\n<meta property=\"og:title\" content=\"Produktionsprozess - CORETH\" \/>\n<meta property=\"og:description\" content=\"Wir entwickeln ma\u00dfgeschneiderte Verpackungsl\u00f6sungen und bieten Ihnen hochwertige Produkte und perfekten Service.\" \/>\n<meta property=\"og:url\" content=\"https:\/\/www.coreth.at\/de\/produktionsprozess\/\" \/>\n<meta property=\"og:site_name\" content=\"CORETH\" \/>\n<meta property=\"article:modified_time\" content=\"2024-08-09T07:31:51+00:00\" \/>\n<meta property=\"og:image\" content=\"https:\/\/www.coreth.at\/content\/uploads\/2020\/12\/203.jpg\" \/>\n<meta name=\"twitter:card\" content=\"summary_large_image\" \/>\n<meta name=\"twitter:label1\" content=\"Gesch\u00e4tzte Lesezeit\" \/>\n\t<meta name=\"twitter:data1\" content=\"2\u00a0Minuten\" \/>\n<script type=\"application\/ld+json\" class=\"yoast-schema-graph\">{\"@context\":\"https:\/\/schema.org\",\"@graph\":[{\"@type\":\"WebPage\",\"@id\":\"https:\/\/www.coreth.at\/de\/produktionsprozess\/\",\"url\":\"https:\/\/www.coreth.at\/de\/produktionsprozess\/\",\"name\":\"Produktionsprozess - CORETH\",\"isPartOf\":{\"@id\":\"https:\/\/www.coreth.at\/de\/#website\"},\"primaryImageOfPage\":{\"@id\":\"https:\/\/www.coreth.at\/de\/produktionsprozess\/#primaryimage\"},\"image\":{\"@id\":\"https:\/\/www.coreth.at\/de\/produktionsprozess\/#primaryimage\"},\"thumbnailUrl\":\"https:\/\/www.coreth.at\/content\/uploads\/2020\/12\/203.jpg\",\"datePublished\":\"2020-12-13T10:23:25+00:00\",\"dateModified\":\"2024-08-09T07:31:51+00:00\",\"description\":\"Wir entwickeln ma\u00dfgeschneiderte Verpackungsl\u00f6sungen und bieten Ihnen hochwertige Produkte und perfekten Service.\",\"inLanguage\":\"de\",\"potentialAction\":[{\"@type\":\"ReadAction\",\"target\":[\"https:\/\/www.coreth.at\/de\/produktionsprozess\/\"]}]},{\"@type\":\"ImageObject\",\"inLanguage\":\"de\",\"@id\":\"https:\/\/www.coreth.at\/de\/produktionsprozess\/#primaryimage\",\"url\":\"https:\/\/www.coreth.at\/content\/uploads\/2020\/12\/203.jpg\",\"contentUrl\":\"https:\/\/www.coreth.at\/content\/uploads\/2020\/12\/203.jpg\"},{\"@type\":\"WebSite\",\"@id\":\"https:\/\/www.coreth.at\/de\/#website\",\"url\":\"https:\/\/www.coreth.at\/de\/\",\"name\":\"CORETH\",\"description\":\"\",\"publisher\":{\"@id\":\"https:\/\/www.coreth.at\/de\/#organization\"},\"potentialAction\":[{\"@type\":\"SearchAction\",\"target\":{\"@type\":\"EntryPoint\",\"urlTemplate\":\"https:\/\/www.coreth.at\/de\/?s={search_term_string}\"},\"query-input\":{\"@type\":\"PropertyValueSpecification\",\"valueRequired\":true,\"valueName\":\"search_term_string\"}}],\"inLanguage\":\"de\"},{\"@type\":\"Organization\",\"@id\":\"https:\/\/www.coreth.at\/de\/#organization\",\"name\":\"CORETH\",\"url\":\"https:\/\/www.coreth.at\/de\/\",\"logo\":{\"@type\":\"ImageObject\",\"inLanguage\":\"de\",\"@id\":\"https:\/\/www.coreth.at\/de\/#\/schema\/logo\/image\/\",\"url\":\"https:\/\/www.coreth.at\/content\/uploads\/2021\/02\/logo_coreth-2.png\",\"contentUrl\":\"https:\/\/www.coreth.at\/content\/uploads\/2021\/02\/logo_coreth-2.png\",\"width\":428,\"height\":36,\"caption\":\"CORETH\"},\"image\":{\"@id\":\"https:\/\/www.coreth.at\/de\/#\/schema\/logo\/image\/\"}}]}<\/script>\n<!-- \/ Yoast SEO plugin. -->","yoast_head_json":{"title":"Produktionsprozess - CORETH","description":"Wir entwickeln ma\u00dfgeschneiderte Verpackungsl\u00f6sungen und bieten Ihnen hochwertige Produkte und perfekten Service.","robots":{"index":"index","follow":"follow","max-snippet":"max-snippet:-1","max-image-preview":"max-image-preview:large","max-video-preview":"max-video-preview:-1"},"canonical":"https:\/\/www.coreth.at\/de\/produktionsprozess\/","og_locale":"de_DE","og_type":"article","og_title":"Produktionsprozess - CORETH","og_description":"Wir entwickeln ma\u00dfgeschneiderte Verpackungsl\u00f6sungen und bieten Ihnen hochwertige Produkte und perfekten Service.","og_url":"https:\/\/www.coreth.at\/de\/produktionsprozess\/","og_site_name":"CORETH","article_modified_time":"2024-08-09T07:31:51+00:00","og_image":[{"url":"https:\/\/www.coreth.at\/content\/uploads\/2020\/12\/203.jpg","type":"","width":"","height":""}],"twitter_card":"summary_large_image","twitter_misc":{"Gesch\u00e4tzte Lesezeit":"2\u00a0Minuten"},"schema":{"@context":"https:\/\/schema.org","@graph":[{"@type":"WebPage","@id":"https:\/\/www.coreth.at\/de\/produktionsprozess\/","url":"https:\/\/www.coreth.at\/de\/produktionsprozess\/","name":"Produktionsprozess - CORETH","isPartOf":{"@id":"https:\/\/www.coreth.at\/de\/#website"},"primaryImageOfPage":{"@id":"https:\/\/www.coreth.at\/de\/produktionsprozess\/#primaryimage"},"image":{"@id":"https:\/\/www.coreth.at\/de\/produktionsprozess\/#primaryimage"},"thumbnailUrl":"https:\/\/www.coreth.at\/content\/uploads\/2020\/12\/203.jpg","datePublished":"2020-12-13T10:23:25+00:00","dateModified":"2024-08-09T07:31:51+00:00","description":"Wir entwickeln ma\u00dfgeschneiderte Verpackungsl\u00f6sungen und bieten Ihnen hochwertige Produkte und perfekten Service.","inLanguage":"de","potentialAction":[{"@type":"ReadAction","target":["https:\/\/www.coreth.at\/de\/produktionsprozess\/"]}]},{"@type":"ImageObject","inLanguage":"de","@id":"https:\/\/www.coreth.at\/de\/produktionsprozess\/#primaryimage","url":"https:\/\/www.coreth.at\/content\/uploads\/2020\/12\/203.jpg","contentUrl":"https:\/\/www.coreth.at\/content\/uploads\/2020\/12\/203.jpg"},{"@type":"WebSite","@id":"https:\/\/www.coreth.at\/de\/#website","url":"https:\/\/www.coreth.at\/de\/","name":"CORETH","description":"","publisher":{"@id":"https:\/\/www.coreth.at\/de\/#organization"},"potentialAction":[{"@type":"SearchAction","target":{"@type":"EntryPoint","urlTemplate":"https:\/\/www.coreth.at\/de\/?s={search_term_string}"},"query-input":{"@type":"PropertyValueSpecification","valueRequired":true,"valueName":"search_term_string"}}],"inLanguage":"de"},{"@type":"Organization","@id":"https:\/\/www.coreth.at\/de\/#organization","name":"CORETH","url":"https:\/\/www.coreth.at\/de\/","logo":{"@type":"ImageObject","inLanguage":"de","@id":"https:\/\/www.coreth.at\/de\/#\/schema\/logo\/image\/","url":"https:\/\/www.coreth.at\/content\/uploads\/2021\/02\/logo_coreth-2.png","contentUrl":"https:\/\/www.coreth.at\/content\/uploads\/2021\/02\/logo_coreth-2.png","width":428,"height":36,"caption":"CORETH"},"image":{"@id":"https:\/\/www.coreth.at\/de\/#\/schema\/logo\/image\/"}}]}},"_links":{"self":[{"href":"https:\/\/www.coreth.at\/de\/wp-json\/wp\/v2\/pages\/167","targetHints":{"allow":["GET"]}}],"collection":[{"href":"https:\/\/www.coreth.at\/de\/wp-json\/wp\/v2\/pages"}],"about":[{"href":"https:\/\/www.coreth.at\/de\/wp-json\/wp\/v2\/types\/page"}],"author":[{"embeddable":true,"href":"https:\/\/www.coreth.at\/de\/wp-json\/wp\/v2\/users\/1"}],"replies":[{"embeddable":true,"href":"https:\/\/www.coreth.at\/de\/wp-json\/wp\/v2\/comments?post=167"}],"version-history":[{"count":0,"href":"https:\/\/www.coreth.at\/de\/wp-json\/wp\/v2\/pages\/167\/revisions"}],"wp:attachment":[{"href":"https:\/\/www.coreth.at\/de\/wp-json\/wp\/v2\/media?parent=167"}],"curies":[{"name":"wp","href":"https:\/\/api.w.org\/{rel}","templated":true}]}}