{"id":144,"date":"2020-12-13T05:53:51","date_gmt":"2020-12-13T05:53:51","guid":{"rendered":"https:\/\/www.coreth.at\/services\/certificate-en-15593\/"},"modified":"2025-12-12T10:12:27","modified_gmt":"2025-12-12T09:12:27","slug":"certificate-en-15593","status":"publish","type":"page","link":"https:\/\/www.coreth.at\/de\/services\/certificate-en-15593\/","title":{"rendered":"EN 15593 ZERTIFIKAT"},"content":{"rendered":"\n<p><strong>Wir sind EN 15593 qualit\u00e4ts-zertifiziert!<\/strong><\/p>\n\n\n\n<p>Wir erf\u00fcllen die EN 15593 Norm, die speziell f\u00fcr Produzenten im Lebensmittelbereich entwickelt wurde. Damit sind unsere Produkte f\u00fcr den Einsatz von Lebensmittelverpackungen sicher.<\/p>\n\n\n\n<p>Gerne stehen wir Ihnen f\u00fcr weitere Fragen pers\u00f6nlich zu Ihrer Verf\u00fcgung.<\/p>\n\n\n\n<div data-wp-interactive=\"core\/file\" class=\"wp-block-file\"><object data-wp-bind--hidden=\"!state.hasPdfPreview\" hidden class=\"wp-block-file__embed\" data=\"https:\/\/www.coreth.at\/content\/uploads\/2025\/12\/EN15593Zertifikat_12_2025.pdf\" type=\"application\/pdf\" style=\"width:100%;height:600px\" aria-label=\"Einbettung von EN15593Zertifikat_12_2025.\"><\/object><a id=\"wp-block-file--media-f0dcb306-eb22-4571-a2a5-585ca3ae506f\" href=\"https:\/\/www.coreth.at\/content\/uploads\/2025\/12\/EN15593Zertifikat_12_2025.pdf\">EN15593Zertifikat_12_2025<\/a><a href=\"https:\/\/www.coreth.at\/content\/uploads\/2025\/12\/EN15593Zertifikat_12_2025.pdf\" class=\"wp-block-file__button wp-element-button\" download aria-describedby=\"wp-block-file--media-f0dcb306-eb22-4571-a2a5-585ca3ae506f\">Download<\/a><\/div>\n\n\n\n<p><\/p>\n","protected":false},"excerpt":{"rendered":"<p>Wir sind EN 15593 qualit\u00e4ts-zertifiziert! Wir erf\u00fcllen die EN 15593 Norm, die speziell f\u00fcr Produzenten im Lebensmittelbereich entwickelt wurde. Damit sind unsere Produkte f\u00fcr den Einsatz von Lebensmittelverpackungen sicher. Gerne stehen wir Ihnen f\u00fcr weitere Fragen pers\u00f6nlich zu Ihrer Verf\u00fcgung.<\/p>\n","protected":false},"author":1,"featured_media":0,"parent":117,"menu_order":0,"comment_status":"closed","ping_status":"closed","template":"","meta":[],"class_list":["post-144","page","type-page","status-publish","hentry"],"yoast_head":"<!-- This site is optimized with the Yoast SEO plugin v27.2 - https:\/\/yoast.com\/product\/yoast-seo-wordpress\/ -->\n<title>EN 15593 ZERTIFIKAT - CORETH<\/title>\n<meta name=\"description\" content=\"Wir entwickeln ma\u00dfgeschneiderte Verpackungsl\u00f6sungen und bieten Ihnen hochwertige Produkte und perfekten Service.\" \/>\n<meta name=\"robots\" content=\"index, follow, max-snippet:-1, max-image-preview:large, max-video-preview:-1\" \/>\n<link rel=\"canonical\" href=\"https:\/\/www.coreth.at\/de\/services\/certificate-en-15593\/\" \/>\n<meta property=\"og:locale\" content=\"de_DE\" \/>\n<meta property=\"og:type\" content=\"article\" \/>\n<meta property=\"og:title\" content=\"EN 15593 ZERTIFIKAT - CORETH\" \/>\n<meta property=\"og:description\" content=\"Wir entwickeln ma\u00dfgeschneiderte Verpackungsl\u00f6sungen und bieten Ihnen hochwertige Produkte und perfekten Service.\" \/>\n<meta property=\"og:url\" content=\"https:\/\/www.coreth.at\/de\/services\/certificate-en-15593\/\" \/>\n<meta property=\"og:site_name\" content=\"CORETH\" \/>\n<meta property=\"article:modified_time\" content=\"2025-12-12T09:12:27+00:00\" \/>\n<meta name=\"twitter:card\" content=\"summary_large_image\" \/>\n<meta name=\"twitter:label1\" content=\"Gesch\u00e4tzte Lesezeit\" \/>\n\t<meta name=\"twitter:data1\" content=\"1\u00a0Minute\" \/>\n<script type=\"application\/ld+json\" class=\"yoast-schema-graph\">{\"@context\":\"https:\/\/schema.org\",\"@graph\":[{\"@type\":\"WebPage\",\"@id\":\"https:\/\/www.coreth.at\/de\/services\/certificate-en-15593\/\",\"url\":\"https:\/\/www.coreth.at\/de\/services\/certificate-en-15593\/\",\"name\":\"EN 15593 ZERTIFIKAT - CORETH\",\"isPartOf\":{\"@id\":\"https:\/\/www.coreth.at\/de\/#website\"},\"datePublished\":\"2020-12-13T05:53:51+00:00\",\"dateModified\":\"2025-12-12T09:12:27+00:00\",\"description\":\"Wir entwickeln ma\u00dfgeschneiderte Verpackungsl\u00f6sungen und bieten Ihnen hochwertige Produkte und perfekten Service.\",\"breadcrumb\":{\"@id\":\"https:\/\/www.coreth.at\/de\/services\/certificate-en-15593\/#breadcrumb\"},\"inLanguage\":\"de\",\"potentialAction\":[{\"@type\":\"ReadAction\",\"target\":[\"https:\/\/www.coreth.at\/de\/services\/certificate-en-15593\/\"]}]},{\"@type\":\"BreadcrumbList\",\"@id\":\"https:\/\/www.coreth.at\/de\/services\/certificate-en-15593\/#breadcrumb\",\"itemListElement\":[{\"@type\":\"ListItem\",\"position\":1,\"name\":\"SERVICES\",\"item\":\"https:\/\/www.coreth.at\/de\/services\/\"},{\"@type\":\"ListItem\",\"position\":2,\"name\":\"EN 15593 ZERTIFIKAT\"}]},{\"@type\":\"WebSite\",\"@id\":\"https:\/\/www.coreth.at\/de\/#website\",\"url\":\"https:\/\/www.coreth.at\/de\/\",\"name\":\"CORETH\",\"description\":\"\",\"publisher\":{\"@id\":\"https:\/\/www.coreth.at\/de\/#organization\"},\"potentialAction\":[{\"@type\":\"SearchAction\",\"target\":{\"@type\":\"EntryPoint\",\"urlTemplate\":\"https:\/\/www.coreth.at\/de\/?s={search_term_string}\"},\"query-input\":{\"@type\":\"PropertyValueSpecification\",\"valueRequired\":true,\"valueName\":\"search_term_string\"}}],\"inLanguage\":\"de\"},{\"@type\":\"Organization\",\"@id\":\"https:\/\/www.coreth.at\/de\/#organization\",\"name\":\"CORETH\",\"url\":\"https:\/\/www.coreth.at\/de\/\",\"logo\":{\"@type\":\"ImageObject\",\"inLanguage\":\"de\",\"@id\":\"https:\/\/www.coreth.at\/de\/#\/schema\/logo\/image\/\",\"url\":\"https:\/\/www.coreth.at\/content\/uploads\/2021\/02\/logo_coreth-2.png\",\"contentUrl\":\"https:\/\/www.coreth.at\/content\/uploads\/2021\/02\/logo_coreth-2.png\",\"width\":428,\"height\":36,\"caption\":\"CORETH\"},\"image\":{\"@id\":\"https:\/\/www.coreth.at\/de\/#\/schema\/logo\/image\/\"}}]}<\/script>\n<!-- \/ Yoast SEO plugin. -->","yoast_head_json":{"title":"EN 15593 ZERTIFIKAT - CORETH","description":"Wir entwickeln ma\u00dfgeschneiderte Verpackungsl\u00f6sungen und bieten Ihnen hochwertige Produkte und perfekten Service.","robots":{"index":"index","follow":"follow","max-snippet":"max-snippet:-1","max-image-preview":"max-image-preview:large","max-video-preview":"max-video-preview:-1"},"canonical":"https:\/\/www.coreth.at\/de\/services\/certificate-en-15593\/","og_locale":"de_DE","og_type":"article","og_title":"EN 15593 ZERTIFIKAT - CORETH","og_description":"Wir entwickeln ma\u00dfgeschneiderte Verpackungsl\u00f6sungen und bieten Ihnen hochwertige Produkte und perfekten Service.","og_url":"https:\/\/www.coreth.at\/de\/services\/certificate-en-15593\/","og_site_name":"CORETH","article_modified_time":"2025-12-12T09:12:27+00:00","twitter_card":"summary_large_image","twitter_misc":{"Gesch\u00e4tzte Lesezeit":"1\u00a0Minute"},"schema":{"@context":"https:\/\/schema.org","@graph":[{"@type":"WebPage","@id":"https:\/\/www.coreth.at\/de\/services\/certificate-en-15593\/","url":"https:\/\/www.coreth.at\/de\/services\/certificate-en-15593\/","name":"EN 15593 ZERTIFIKAT - CORETH","isPartOf":{"@id":"https:\/\/www.coreth.at\/de\/#website"},"datePublished":"2020-12-13T05:53:51+00:00","dateModified":"2025-12-12T09:12:27+00:00","description":"Wir entwickeln ma\u00dfgeschneiderte Verpackungsl\u00f6sungen und bieten Ihnen hochwertige Produkte und perfekten Service.","breadcrumb":{"@id":"https:\/\/www.coreth.at\/de\/services\/certificate-en-15593\/#breadcrumb"},"inLanguage":"de","potentialAction":[{"@type":"ReadAction","target":["https:\/\/www.coreth.at\/de\/services\/certificate-en-15593\/"]}]},{"@type":"BreadcrumbList","@id":"https:\/\/www.coreth.at\/de\/services\/certificate-en-15593\/#breadcrumb","itemListElement":[{"@type":"ListItem","position":1,"name":"SERVICES","item":"https:\/\/www.coreth.at\/de\/services\/"},{"@type":"ListItem","position":2,"name":"EN 15593 ZERTIFIKAT"}]},{"@type":"WebSite","@id":"https:\/\/www.coreth.at\/de\/#website","url":"https:\/\/www.coreth.at\/de\/","name":"CORETH","description":"","publisher":{"@id":"https:\/\/www.coreth.at\/de\/#organization"},"potentialAction":[{"@type":"SearchAction","target":{"@type":"EntryPoint","urlTemplate":"https:\/\/www.coreth.at\/de\/?s={search_term_string}"},"query-input":{"@type":"PropertyValueSpecification","valueRequired":true,"valueName":"search_term_string"}}],"inLanguage":"de"},{"@type":"Organization","@id":"https:\/\/www.coreth.at\/de\/#organization","name":"CORETH","url":"https:\/\/www.coreth.at\/de\/","logo":{"@type":"ImageObject","inLanguage":"de","@id":"https:\/\/www.coreth.at\/de\/#\/schema\/logo\/image\/","url":"https:\/\/www.coreth.at\/content\/uploads\/2021\/02\/logo_coreth-2.png","contentUrl":"https:\/\/www.coreth.at\/content\/uploads\/2021\/02\/logo_coreth-2.png","width":428,"height":36,"caption":"CORETH"},"image":{"@id":"https:\/\/www.coreth.at\/de\/#\/schema\/logo\/image\/"}}]}},"_links":{"self":[{"href":"https:\/\/www.coreth.at\/de\/wp-json\/wp\/v2\/pages\/144","targetHints":{"allow":["GET"]}}],"collection":[{"href":"https:\/\/www.coreth.at\/de\/wp-json\/wp\/v2\/pages"}],"about":[{"href":"https:\/\/www.coreth.at\/de\/wp-json\/wp\/v2\/types\/page"}],"author":[{"embeddable":true,"href":"https:\/\/www.coreth.at\/de\/wp-json\/wp\/v2\/users\/1"}],"replies":[{"embeddable":true,"href":"https:\/\/www.coreth.at\/de\/wp-json\/wp\/v2\/comments?post=144"}],"version-history":[{"count":0,"href":"https:\/\/www.coreth.at\/de\/wp-json\/wp\/v2\/pages\/144\/revisions"}],"up":[{"embeddable":true,"href":"https:\/\/www.coreth.at\/de\/wp-json\/wp\/v2\/pages\/117"}],"wp:attachment":[{"href":"https:\/\/www.coreth.at\/de\/wp-json\/wp\/v2\/media?parent=144"}],"curies":[{"name":"wp","href":"https:\/\/api.w.org\/{rel}","templated":true}]}}