{"id":134,"date":"2020-12-13T05:38:31","date_gmt":"2020-12-13T05:38:31","guid":{"rendered":"https:\/\/www.coreth.at\/services\/quality-standards\/"},"modified":"2021-02-15T13:40:20","modified_gmt":"2021-02-15T12:40:20","slug":"qualitaetsstandards","status":"publish","type":"page","link":"https:\/\/www.coreth.at\/de\/services\/qualitaetsstandards\/","title":{"rendered":"QUALIT\u00c4TSSTANDARDS"},"content":{"rendered":"\n<p><strong>Strenge Qualit\u00e4tskontrollen<\/strong>&nbsp;und die Verwendung von&nbsp;<strong>hochwertigen Vormaterialien<\/strong>&nbsp;bilden die Basis unserer laufenden Qualit\u00e4tssicherung. Den spezifischen Kundenbed\u00fcrfnissen und den sich ver\u00e4ndernden Produktanforderungen werden wir durch st\u00e4ndige Verbesserung und Weiterentwicklung der Produkteigenschaften und Materialzusammensetzungen gerecht.<\/p>\n\n\n\n<p>Unsere Folien unterliegen&nbsp;<strong>strengen Pr\u00fcfkriterien<\/strong>, einzelne Folien werden von einem&nbsp;<strong>u<\/strong><strong>nabh\u00e4ngigen Pr\u00fcfinstitut in Wien<\/strong><strong>(OFI)&nbsp;<\/strong>gepr\u00fcft und mit dementsprechenden Zertifikaten versehen.<\/p>\n\n\n\n<p>Alle von uns zugekauften Rohstoffe m\u00fcssen g\u00fcltige\u00a0<strong>Konformit\u00e4tserkl\u00e4rungen<\/strong>\u00a0haben und unterliegen<strong> strengen Qualit\u00e4tskontrollen<\/strong>.<\/p>\n\n\n\n<p>Unsere Produktionslogistik basiert auf einem <strong>Barcodesystem zur l\u00fcckenlosen R\u00fcckverfolgbarkeit<\/strong> und Dokumentation. Dies betrifft den kompletten Produktionsbereich (Produktion, Druckhalle, Fertigungshalle).<\/p>\n\n\n\n<p>Laufende technische und personelle Schulungen aller Mitarbeiter stellen sicher, dass der <strong>hohe Qualit\u00e4tsstandard<\/strong> gehalten werden kann.<\/p>\n\n\n\n<p>Die Firma Coreth hat hier seit Jahren ein eigenes Qualit\u00e4tssicherungs-Team, um den immer h\u00f6heren Marktanforderungen gerecht zu werden.<\/p>\n","protected":false},"excerpt":{"rendered":"<p>Strenge Qualit\u00e4tskontrollen&nbsp;und die Verwendung von&nbsp;hochwertigen Vormaterialien&nbsp;bilden die Basis unserer laufenden Qualit\u00e4tssicherung. Den spezifischen Kundenbed\u00fcrfnissen und den sich ver\u00e4ndernden Produktanforderungen werden wir durch st\u00e4ndige Verbesserung und Weiterentwicklung der Produkteigenschaften und Materialzusammensetzungen gerecht. Unsere Folien unterliegen&nbsp;strengen Pr\u00fcfkriterien, einzelne Folien werden von einem&nbsp;unabh\u00e4ngigen Pr\u00fcfinstitut in Wien(OFI)&nbsp;gepr\u00fcft und mit dementsprechenden Zertifikaten versehen. Alle von uns zugekauften Rohstoffe m\u00fcssen g\u00fcltige\u00a0Konformit\u00e4tserkl\u00e4rungen\u00a0haben [&hellip;]<\/p>\n","protected":false},"author":1,"featured_media":0,"parent":117,"menu_order":0,"comment_status":"closed","ping_status":"closed","template":"","meta":[],"class_list":["post-134","page","type-page","status-publish","hentry"],"yoast_head":"<!-- This site is optimized with the Yoast SEO plugin v27.5 - https:\/\/yoast.com\/product\/yoast-seo-wordpress\/ -->\n<title>QUALIT\u00c4TSSTANDARDS - CORETH<\/title>\n<meta name=\"description\" content=\"Wir entwickeln ma\u00dfgeschneiderte Verpackungsl\u00f6sungen und bieten Ihnen hochwertige Produkte und perfekten Service.\" \/>\n<meta name=\"robots\" content=\"index, follow, max-snippet:-1, max-image-preview:large, max-video-preview:-1\" \/>\n<link rel=\"canonical\" href=\"https:\/\/www.coreth.at\/de\/services\/qualitaetsstandards\/\" \/>\n<meta property=\"og:locale\" content=\"de_DE\" \/>\n<meta property=\"og:type\" content=\"article\" \/>\n<meta property=\"og:title\" content=\"QUALIT\u00c4TSSTANDARDS - CORETH\" \/>\n<meta property=\"og:description\" content=\"Wir entwickeln ma\u00dfgeschneiderte Verpackungsl\u00f6sungen und bieten Ihnen hochwertige Produkte und perfekten Service.\" \/>\n<meta property=\"og:url\" content=\"https:\/\/www.coreth.at\/de\/services\/qualitaetsstandards\/\" \/>\n<meta property=\"og:site_name\" content=\"CORETH\" \/>\n<meta property=\"article:modified_time\" content=\"2021-02-15T12:40:20+00:00\" \/>\n<meta name=\"twitter:card\" content=\"summary_large_image\" \/>\n<meta name=\"twitter:label1\" content=\"Gesch\u00e4tzte Lesezeit\" \/>\n\t<meta name=\"twitter:data1\" content=\"1\u00a0Minute\" \/>\n<script type=\"application\/ld+json\" class=\"yoast-schema-graph\">{\"@context\":\"https:\\\/\\\/schema.org\",\"@graph\":[{\"@type\":\"WebPage\",\"@id\":\"https:\\\/\\\/www.coreth.at\\\/de\\\/services\\\/qualitaetsstandards\\\/\",\"url\":\"https:\\\/\\\/www.coreth.at\\\/de\\\/services\\\/qualitaetsstandards\\\/\",\"name\":\"QUALIT\u00c4TSSTANDARDS - CORETH\",\"isPartOf\":{\"@id\":\"https:\\\/\\\/www.coreth.at\\\/de\\\/#website\"},\"datePublished\":\"2020-12-13T05:38:31+00:00\",\"dateModified\":\"2021-02-15T12:40:20+00:00\",\"description\":\"Wir entwickeln ma\u00dfgeschneiderte Verpackungsl\u00f6sungen und bieten Ihnen hochwertige Produkte und perfekten Service.\",\"breadcrumb\":{\"@id\":\"https:\\\/\\\/www.coreth.at\\\/de\\\/services\\\/qualitaetsstandards\\\/#breadcrumb\"},\"inLanguage\":\"de\",\"potentialAction\":[{\"@type\":\"ReadAction\",\"target\":[\"https:\\\/\\\/www.coreth.at\\\/de\\\/services\\\/qualitaetsstandards\\\/\"]}]},{\"@type\":\"BreadcrumbList\",\"@id\":\"https:\\\/\\\/www.coreth.at\\\/de\\\/services\\\/qualitaetsstandards\\\/#breadcrumb\",\"itemListElement\":[{\"@type\":\"ListItem\",\"position\":1,\"name\":\"SERVICES\",\"item\":\"https:\\\/\\\/www.coreth.at\\\/de\\\/services\\\/\"},{\"@type\":\"ListItem\",\"position\":2,\"name\":\"QUALIT\u00c4TSSTANDARDS\"}]},{\"@type\":\"WebSite\",\"@id\":\"https:\\\/\\\/www.coreth.at\\\/de\\\/#website\",\"url\":\"https:\\\/\\\/www.coreth.at\\\/de\\\/\",\"name\":\"CORETH\",\"description\":\"\",\"publisher\":{\"@id\":\"https:\\\/\\\/www.coreth.at\\\/de\\\/#organization\"},\"potentialAction\":[{\"@type\":\"SearchAction\",\"target\":{\"@type\":\"EntryPoint\",\"urlTemplate\":\"https:\\\/\\\/www.coreth.at\\\/de\\\/?s={search_term_string}\"},\"query-input\":{\"@type\":\"PropertyValueSpecification\",\"valueRequired\":true,\"valueName\":\"search_term_string\"}}],\"inLanguage\":\"de\"},{\"@type\":\"Organization\",\"@id\":\"https:\\\/\\\/www.coreth.at\\\/de\\\/#organization\",\"name\":\"CORETH\",\"url\":\"https:\\\/\\\/www.coreth.at\\\/de\\\/\",\"logo\":{\"@type\":\"ImageObject\",\"inLanguage\":\"de\",\"@id\":\"https:\\\/\\\/www.coreth.at\\\/de\\\/#\\\/schema\\\/logo\\\/image\\\/\",\"url\":\"https:\\\/\\\/www.coreth.at\\\/content\\\/uploads\\\/2021\\\/02\\\/logo_coreth-2.png\",\"contentUrl\":\"https:\\\/\\\/www.coreth.at\\\/content\\\/uploads\\\/2021\\\/02\\\/logo_coreth-2.png\",\"width\":428,\"height\":36,\"caption\":\"CORETH\"},\"image\":{\"@id\":\"https:\\\/\\\/www.coreth.at\\\/de\\\/#\\\/schema\\\/logo\\\/image\\\/\"}}]}<\/script>\n<!-- \/ Yoast SEO plugin. -->","yoast_head_json":{"title":"QUALIT\u00c4TSSTANDARDS - CORETH","description":"Wir entwickeln ma\u00dfgeschneiderte Verpackungsl\u00f6sungen und bieten Ihnen hochwertige Produkte und perfekten Service.","robots":{"index":"index","follow":"follow","max-snippet":"max-snippet:-1","max-image-preview":"max-image-preview:large","max-video-preview":"max-video-preview:-1"},"canonical":"https:\/\/www.coreth.at\/de\/services\/qualitaetsstandards\/","og_locale":"de_DE","og_type":"article","og_title":"QUALIT\u00c4TSSTANDARDS - CORETH","og_description":"Wir entwickeln ma\u00dfgeschneiderte Verpackungsl\u00f6sungen und bieten Ihnen hochwertige Produkte und perfekten Service.","og_url":"https:\/\/www.coreth.at\/de\/services\/qualitaetsstandards\/","og_site_name":"CORETH","article_modified_time":"2021-02-15T12:40:20+00:00","twitter_card":"summary_large_image","twitter_misc":{"Gesch\u00e4tzte Lesezeit":"1\u00a0Minute"},"schema":{"@context":"https:\/\/schema.org","@graph":[{"@type":"WebPage","@id":"https:\/\/www.coreth.at\/de\/services\/qualitaetsstandards\/","url":"https:\/\/www.coreth.at\/de\/services\/qualitaetsstandards\/","name":"QUALIT\u00c4TSSTANDARDS - CORETH","isPartOf":{"@id":"https:\/\/www.coreth.at\/de\/#website"},"datePublished":"2020-12-13T05:38:31+00:00","dateModified":"2021-02-15T12:40:20+00:00","description":"Wir entwickeln ma\u00dfgeschneiderte Verpackungsl\u00f6sungen und bieten Ihnen hochwertige Produkte und perfekten Service.","breadcrumb":{"@id":"https:\/\/www.coreth.at\/de\/services\/qualitaetsstandards\/#breadcrumb"},"inLanguage":"de","potentialAction":[{"@type":"ReadAction","target":["https:\/\/www.coreth.at\/de\/services\/qualitaetsstandards\/"]}]},{"@type":"BreadcrumbList","@id":"https:\/\/www.coreth.at\/de\/services\/qualitaetsstandards\/#breadcrumb","itemListElement":[{"@type":"ListItem","position":1,"name":"SERVICES","item":"https:\/\/www.coreth.at\/de\/services\/"},{"@type":"ListItem","position":2,"name":"QUALIT\u00c4TSSTANDARDS"}]},{"@type":"WebSite","@id":"https:\/\/www.coreth.at\/de\/#website","url":"https:\/\/www.coreth.at\/de\/","name":"CORETH","description":"","publisher":{"@id":"https:\/\/www.coreth.at\/de\/#organization"},"potentialAction":[{"@type":"SearchAction","target":{"@type":"EntryPoint","urlTemplate":"https:\/\/www.coreth.at\/de\/?s={search_term_string}"},"query-input":{"@type":"PropertyValueSpecification","valueRequired":true,"valueName":"search_term_string"}}],"inLanguage":"de"},{"@type":"Organization","@id":"https:\/\/www.coreth.at\/de\/#organization","name":"CORETH","url":"https:\/\/www.coreth.at\/de\/","logo":{"@type":"ImageObject","inLanguage":"de","@id":"https:\/\/www.coreth.at\/de\/#\/schema\/logo\/image\/","url":"https:\/\/www.coreth.at\/content\/uploads\/2021\/02\/logo_coreth-2.png","contentUrl":"https:\/\/www.coreth.at\/content\/uploads\/2021\/02\/logo_coreth-2.png","width":428,"height":36,"caption":"CORETH"},"image":{"@id":"https:\/\/www.coreth.at\/de\/#\/schema\/logo\/image\/"}}]}},"_links":{"self":[{"href":"https:\/\/www.coreth.at\/de\/wp-json\/wp\/v2\/pages\/134","targetHints":{"allow":["GET"]}}],"collection":[{"href":"https:\/\/www.coreth.at\/de\/wp-json\/wp\/v2\/pages"}],"about":[{"href":"https:\/\/www.coreth.at\/de\/wp-json\/wp\/v2\/types\/page"}],"author":[{"embeddable":true,"href":"https:\/\/www.coreth.at\/de\/wp-json\/wp\/v2\/users\/1"}],"replies":[{"embeddable":true,"href":"https:\/\/www.coreth.at\/de\/wp-json\/wp\/v2\/comments?post=134"}],"version-history":[{"count":0,"href":"https:\/\/www.coreth.at\/de\/wp-json\/wp\/v2\/pages\/134\/revisions"}],"up":[{"embeddable":true,"href":"https:\/\/www.coreth.at\/de\/wp-json\/wp\/v2\/pages\/117"}],"wp:attachment":[{"href":"https:\/\/www.coreth.at\/de\/wp-json\/wp\/v2\/media?parent=134"}],"curies":[{"name":"wp","href":"https:\/\/api.w.org\/{rel}","templated":true}]}}