{"id":117,"date":"2020-12-13T05:08:38","date_gmt":"2020-12-13T05:08:38","guid":{"rendered":"https:\/\/www.coreth.at\/services\/"},"modified":"2021-01-05T09:30:33","modified_gmt":"2021-01-05T09:30:33","slug":"services","status":"publish","type":"page","link":"https:\/\/www.coreth.at\/de\/services\/","title":{"rendered":"SERVICES"},"content":{"rendered":"\n<h2 class=\"wp-block-heading\">VERKAUFSINNENDIENST<\/h2>\n\n\n\n<p>Mit unserem gut ausgebildeten Verkaufsinnendienst bieten wir eine Kommunikationsdrehscheibe, die Kunden in allen Belangen jederzeit zur Verf\u00fcgung steht. Ziel ist es, die vielf\u00e4ltigen Anliegen unserer Kunden schnell und flexibel zu l\u00f6sen.<\/p>\n\n\n\n<h2 class=\"wp-block-heading\">QUALIT\u00c4TSSTANDARDS<\/h2>\n\n\n\n<p>Strenge Qualit\u00e4tskontrollen und die Verwendung von hochwertigen Vormaterialien bilden die Basis unserer laufenden Qualit\u00e4tssicherung. Den spezifischen Kundenbed\u00fcrfnissen und den sich ver\u00e4ndernden Produktanforderungen, werden wir durch st\u00e4ndige Verbesserung und Weiterentwicklung der Produkteigenschaften und Materialzusammensetzungen gerecht.<\/p>\n\n\n\n<p>Unsere Produktionslogistik basiert auf einem Barcodesystem zur l\u00fcckenlosen R\u00fcckverfolgbarkeit und Dokumentation. Dies betrifft den kompletten Produktionsbereich (Produktion, Druckhalle, Fertigungshalle).<br>Laufende technische und personelle Schulungen aller Mitarbeiter stellen sicher, dass der hohe Qualit\u00e4tsstandard gehalten werden kann.<br>Dir Firma Coreth hat hier seit Jahren ein eigenes Qualit\u00e4tssicherungs Team, um den immer h\u00f6heren Marktanforderungen gerecht zu werden.<\/p>\n","protected":false},"excerpt":{"rendered":"<p>VERKAUFSINNENDIENST Mit unserem gut ausgebildeten Verkaufsinnendienst bieten wir eine Kommunikationsdrehscheibe, die Kunden in allen Belangen jederzeit zur Verf\u00fcgung steht. Ziel ist es, die vielf\u00e4ltigen Anliegen unserer Kunden schnell und flexibel zu l\u00f6sen. QUALIT\u00c4TSSTANDARDS Strenge Qualit\u00e4tskontrollen und die Verwendung von hochwertigen Vormaterialien bilden die Basis unserer laufenden Qualit\u00e4tssicherung. Den spezifischen Kundenbed\u00fcrfnissen und den sich ver\u00e4ndernden Produktanforderungen, [&hellip;]<\/p>\n","protected":false},"author":1,"featured_media":0,"parent":0,"menu_order":0,"comment_status":"closed","ping_status":"closed","template":"","meta":[],"class_list":["post-117","page","type-page","status-publish","hentry"],"yoast_head":"<!-- This site is optimized with the Yoast SEO plugin v27.2 - https:\/\/yoast.com\/product\/yoast-seo-wordpress\/ -->\n<title>SERVICES - CORETH<\/title>\n<meta name=\"description\" content=\"Wir entwickeln ma\u00dfgeschneiderte Verpackungsl\u00f6sungen und bieten Ihnen hochwertige Produkte und perfekten Service.\" \/>\n<meta name=\"robots\" content=\"index, follow, max-snippet:-1, max-image-preview:large, max-video-preview:-1\" \/>\n<link rel=\"canonical\" href=\"https:\/\/www.coreth.at\/de\/services\/\" \/>\n<meta property=\"og:locale\" content=\"de_DE\" \/>\n<meta property=\"og:type\" content=\"article\" \/>\n<meta property=\"og:title\" content=\"SERVICES - CORETH\" \/>\n<meta property=\"og:description\" content=\"Wir entwickeln ma\u00dfgeschneiderte Verpackungsl\u00f6sungen und bieten Ihnen hochwertige Produkte und perfekten Service.\" \/>\n<meta property=\"og:url\" content=\"https:\/\/www.coreth.at\/de\/services\/\" \/>\n<meta property=\"og:site_name\" content=\"CORETH\" \/>\n<meta property=\"article:modified_time\" content=\"2021-01-05T09:30:33+00:00\" \/>\n<meta name=\"twitter:card\" content=\"summary_large_image\" \/>\n<meta name=\"twitter:label1\" content=\"Gesch\u00e4tzte Lesezeit\" \/>\n\t<meta name=\"twitter:data1\" content=\"1\u00a0Minute\" \/>\n<script type=\"application\/ld+json\" class=\"yoast-schema-graph\">{\"@context\":\"https:\/\/schema.org\",\"@graph\":[{\"@type\":\"WebPage\",\"@id\":\"https:\/\/www.coreth.at\/de\/services\/\",\"url\":\"https:\/\/www.coreth.at\/de\/services\/\",\"name\":\"SERVICES - CORETH\",\"isPartOf\":{\"@id\":\"https:\/\/www.coreth.at\/de\/#website\"},\"datePublished\":\"2020-12-13T05:08:38+00:00\",\"dateModified\":\"2021-01-05T09:30:33+00:00\",\"description\":\"Wir entwickeln ma\u00dfgeschneiderte Verpackungsl\u00f6sungen und bieten Ihnen hochwertige Produkte und perfekten Service.\",\"inLanguage\":\"de\",\"potentialAction\":[{\"@type\":\"ReadAction\",\"target\":[\"https:\/\/www.coreth.at\/de\/services\/\"]}]},{\"@type\":\"WebSite\",\"@id\":\"https:\/\/www.coreth.at\/de\/#website\",\"url\":\"https:\/\/www.coreth.at\/de\/\",\"name\":\"CORETH\",\"description\":\"\",\"publisher\":{\"@id\":\"https:\/\/www.coreth.at\/de\/#organization\"},\"potentialAction\":[{\"@type\":\"SearchAction\",\"target\":{\"@type\":\"EntryPoint\",\"urlTemplate\":\"https:\/\/www.coreth.at\/de\/?s={search_term_string}\"},\"query-input\":{\"@type\":\"PropertyValueSpecification\",\"valueRequired\":true,\"valueName\":\"search_term_string\"}}],\"inLanguage\":\"de\"},{\"@type\":\"Organization\",\"@id\":\"https:\/\/www.coreth.at\/de\/#organization\",\"name\":\"CORETH\",\"url\":\"https:\/\/www.coreth.at\/de\/\",\"logo\":{\"@type\":\"ImageObject\",\"inLanguage\":\"de\",\"@id\":\"https:\/\/www.coreth.at\/de\/#\/schema\/logo\/image\/\",\"url\":\"https:\/\/www.coreth.at\/content\/uploads\/2021\/02\/logo_coreth-2.png\",\"contentUrl\":\"https:\/\/www.coreth.at\/content\/uploads\/2021\/02\/logo_coreth-2.png\",\"width\":428,\"height\":36,\"caption\":\"CORETH\"},\"image\":{\"@id\":\"https:\/\/www.coreth.at\/de\/#\/schema\/logo\/image\/\"}}]}<\/script>\n<!-- \/ Yoast SEO plugin. -->","yoast_head_json":{"title":"SERVICES - CORETH","description":"Wir entwickeln ma\u00dfgeschneiderte Verpackungsl\u00f6sungen und bieten Ihnen hochwertige Produkte und perfekten Service.","robots":{"index":"index","follow":"follow","max-snippet":"max-snippet:-1","max-image-preview":"max-image-preview:large","max-video-preview":"max-video-preview:-1"},"canonical":"https:\/\/www.coreth.at\/de\/services\/","og_locale":"de_DE","og_type":"article","og_title":"SERVICES - CORETH","og_description":"Wir entwickeln ma\u00dfgeschneiderte Verpackungsl\u00f6sungen und bieten Ihnen hochwertige Produkte und perfekten Service.","og_url":"https:\/\/www.coreth.at\/de\/services\/","og_site_name":"CORETH","article_modified_time":"2021-01-05T09:30:33+00:00","twitter_card":"summary_large_image","twitter_misc":{"Gesch\u00e4tzte Lesezeit":"1\u00a0Minute"},"schema":{"@context":"https:\/\/schema.org","@graph":[{"@type":"WebPage","@id":"https:\/\/www.coreth.at\/de\/services\/","url":"https:\/\/www.coreth.at\/de\/services\/","name":"SERVICES - CORETH","isPartOf":{"@id":"https:\/\/www.coreth.at\/de\/#website"},"datePublished":"2020-12-13T05:08:38+00:00","dateModified":"2021-01-05T09:30:33+00:00","description":"Wir entwickeln ma\u00dfgeschneiderte Verpackungsl\u00f6sungen und bieten Ihnen hochwertige Produkte und perfekten Service.","inLanguage":"de","potentialAction":[{"@type":"ReadAction","target":["https:\/\/www.coreth.at\/de\/services\/"]}]},{"@type":"WebSite","@id":"https:\/\/www.coreth.at\/de\/#website","url":"https:\/\/www.coreth.at\/de\/","name":"CORETH","description":"","publisher":{"@id":"https:\/\/www.coreth.at\/de\/#organization"},"potentialAction":[{"@type":"SearchAction","target":{"@type":"EntryPoint","urlTemplate":"https:\/\/www.coreth.at\/de\/?s={search_term_string}"},"query-input":{"@type":"PropertyValueSpecification","valueRequired":true,"valueName":"search_term_string"}}],"inLanguage":"de"},{"@type":"Organization","@id":"https:\/\/www.coreth.at\/de\/#organization","name":"CORETH","url":"https:\/\/www.coreth.at\/de\/","logo":{"@type":"ImageObject","inLanguage":"de","@id":"https:\/\/www.coreth.at\/de\/#\/schema\/logo\/image\/","url":"https:\/\/www.coreth.at\/content\/uploads\/2021\/02\/logo_coreth-2.png","contentUrl":"https:\/\/www.coreth.at\/content\/uploads\/2021\/02\/logo_coreth-2.png","width":428,"height":36,"caption":"CORETH"},"image":{"@id":"https:\/\/www.coreth.at\/de\/#\/schema\/logo\/image\/"}}]}},"_links":{"self":[{"href":"https:\/\/www.coreth.at\/de\/wp-json\/wp\/v2\/pages\/117","targetHints":{"allow":["GET"]}}],"collection":[{"href":"https:\/\/www.coreth.at\/de\/wp-json\/wp\/v2\/pages"}],"about":[{"href":"https:\/\/www.coreth.at\/de\/wp-json\/wp\/v2\/types\/page"}],"author":[{"embeddable":true,"href":"https:\/\/www.coreth.at\/de\/wp-json\/wp\/v2\/users\/1"}],"replies":[{"embeddable":true,"href":"https:\/\/www.coreth.at\/de\/wp-json\/wp\/v2\/comments?post=117"}],"version-history":[{"count":0,"href":"https:\/\/www.coreth.at\/de\/wp-json\/wp\/v2\/pages\/117\/revisions"}],"wp:attachment":[{"href":"https:\/\/www.coreth.at\/de\/wp-json\/wp\/v2\/media?parent=117"}],"curies":[{"name":"wp","href":"https:\/\/api.w.org\/{rel}","templated":true}]}}